{"id":429,"date":"2023-03-23T12:14:21","date_gmt":"2023-03-23T11:14:21","guid":{"rendered":"https:\/\/macadam07.fr\/?page_id=429"},"modified":"2025-05-09T16:29:31","modified_gmt":"2025-05-09T14:29:31","slug":"historique","status":"publish","type":"page","link":"https:\/\/macadam07.fr\/index.php\/historique\/","title":{"rendered":"Historique"},"content":{"rendered":"\t\t<div data-elementor-type=\"wp-page\" data-elementor-id=\"429\" class=\"elementor elementor-429\">\n\t\t\t\t\t\t<section class=\"elementor-section elementor-top-section elementor-element elementor-element-18dbfa5 elementor-section-boxed elementor-section-height-default elementor-section-height-default\" data-id=\"18dbfa5\" data-element_type=\"section\" data-e-type=\"section\">\n\t\t\t\t\t\t<div class=\"elementor-container elementor-column-gap-default\">\n\t\t\t\t\t<div class=\"elementor-column elementor-col-100 elementor-top-column elementor-element elementor-element-6e8be82\" data-id=\"6e8be82\" data-element_type=\"column\" data-e-type=\"column\">\n\t\t\t<div class=\"elementor-widget-wrap elementor-element-populated\">\n\t\t\t\t\t\t<div class=\"elementor-element elementor-element-c76dace elementor-widget elementor-widget-heading\" data-id=\"c76dace\" data-element_type=\"widget\" data-e-type=\"widget\" data-widget_type=\"heading.default\">\n\t\t\t\t<div class=\"elementor-widget-container\">\n\t\t\t\t\t<h2 class=\"elementor-heading-title elementor-size-default\">Historique du clu<b>b Macadam 07<\/b>\n<\/h2>\t\t\t\t<\/div>\n\t\t\t\t<\/div>\n\t\t\t\t<div class=\"elementor-element elementor-element-025e4c9 elementor-widget elementor-widget-image\" data-id=\"025e4c9\" data-element_type=\"widget\" data-e-type=\"widget\" data-widget_type=\"image.default\">\n\t\t\t\t<div class=\"elementor-widget-container\">\n\t\t\t\t\t\t\t\t\t\t\t\t\t\t\t<img fetchpriority=\"high\" decoding=\"async\" width=\"1024\" height=\"683\" src=\"https:\/\/macadam07.fr\/wp-content\/uploads\/2024\/12\/2V3A7072-1024x683.jpg\" class=\"attachment-large size-large wp-image-1895\" alt=\"\" srcset=\"https:\/\/macadam07.fr\/wp-content\/uploads\/2024\/12\/2V3A7072-1024x683.jpg 1024w, https:\/\/macadam07.fr\/wp-content\/uploads\/2024\/12\/2V3A7072-300x200.jpg 300w, https:\/\/macadam07.fr\/wp-content\/uploads\/2024\/12\/2V3A7072-768x512.jpg 768w, https:\/\/macadam07.fr\/wp-content\/uploads\/2024\/12\/2V3A7072-1536x1024.jpg 1536w, https:\/\/macadam07.fr\/wp-content\/uploads\/2024\/12\/2V3A7072-2048x1365.jpg 2048w\" sizes=\"(max-width: 1024px) 100vw, 1024px\" \/>\t\t\t\t\t\t\t\t\t\t\t\t\t\t\t<\/div>\n\t\t\t\t<\/div>\n\t\t\t\t<div class=\"elementor-element elementor-element-7cf436a elementor-widget elementor-widget-heading\" data-id=\"7cf436a\" data-element_type=\"widget\" data-e-type=\"widget\" data-widget_type=\"heading.default\">\n\t\t\t\t<div class=\"elementor-widget-container\">\n\t\t\t\t\t<h2 class=\"elementor-heading-title elementor-size-default\">Le 3 octobre 1989, l'OCG (Olympic Club Grangeois) association r\u00e9gie par la loi 1901, dont les activit\u00e9s sont la gymnastique et la marche, cr\u00e9e sous l'impulsion d'un coureur passionn\u00e9, Jean-Pierre Galvez, une section de courses hors stades d\u00e9nomm\u00e9e OCG-Macadam.<br>\n\nCette section fonctionnera au sein de l'OCG jusqu'au 1er novembre 1992, soit 3 ann\u00e9es.\n\nL'objectif de Macadam est de d\u00e9velopper le go\u00fbt et la pratique de la course \u00e0 pied pour tout adh\u00e9rent, quels que soient son \u00e2ge et son niveau : simples joggeurs, coureurs d\u00e9butants ou confirm\u00e9s . <br><br>Les principales activit\u00e9s du club consistent \u00e0 proposer des s\u00e9ances d'entra\u00eenements ainsi que des plans personnalis\u00e9s encadr\u00e9s par des entraineurs dipl\u00f4m\u00e9s soucieux de s'adresser \u00e0 tous les coureurs quel que soit leur niveau.<br><br>La pr\u00e9vention des blessures, la r\u00e9cup\u00e9ration, les \u00e9tirements et l'am\u00e9lioration de l'hygi\u00e8ne de vie font \u00e9galement partie des missions des encadrants de Macadam. <br><br>Enfin notre Club est \u00e9galement connu pour l'organisation, depuis bient\u00f4t 25 ans, de plusieurs courses dans le cadre de la Ronde de Crussol.\n\n\n<\/h2>\t\t\t\t<\/div>\n\t\t\t\t<\/div>\n\t\t\t\t<div class=\"elementor-element elementor-element-8a802be elementor-widget elementor-widget-image\" data-id=\"8a802be\" data-element_type=\"widget\" data-e-type=\"widget\" data-widget_type=\"image.default\">\n\t\t\t\t<div class=\"elementor-widget-container\">\n\t\t\t\t\t\t\t\t\t\t\t\t\t\t\t<img decoding=\"async\" width=\"1024\" height=\"480\" src=\"https:\/\/macadam07.fr\/wp-content\/uploads\/2023\/06\/FB-MAC-PRIVE-1024x480.jpg\" class=\"attachment-large size-large wp-image-954\" alt=\"\" srcset=\"https:\/\/macadam07.fr\/wp-content\/uploads\/2023\/06\/FB-MAC-PRIVE-1024x480.jpg 1024w, https:\/\/macadam07.fr\/wp-content\/uploads\/2023\/06\/FB-MAC-PRIVE-300x141.jpg 300w, https:\/\/macadam07.fr\/wp-content\/uploads\/2023\/06\/FB-MAC-PRIVE-768x360.jpg 768w, https:\/\/macadam07.fr\/wp-content\/uploads\/2023\/06\/FB-MAC-PRIVE.jpg 1219w\" sizes=\"(max-width: 1024px) 100vw, 1024px\" \/>\t\t\t\t\t\t\t\t\t\t\t\t\t\t\t<\/div>\n\t\t\t\t<\/div>\n\t\t\t\t<div class=\"elementor-element elementor-element-409c340 elementor-widget elementor-widget-heading\" data-id=\"409c340\" data-element_type=\"widget\" data-e-type=\"widget\" data-widget_type=\"heading.default\">\n\t\t\t\t<div class=\"elementor-widget-container\">\n\t\t\t\t\t<h2 class=\"elementor-heading-title elementor-size-default\">\n<\/h2>\t\t\t\t<\/div>\n\t\t\t\t<\/div>\n\t\t\t\t\t<\/div>\n\t\t<\/div>\n\t\t\t\t\t<\/div>\n\t\t<\/section>\n\t\t\t\t<section class=\"elementor-section elementor-top-section elementor-element elementor-element-ee26277 elementor-section-boxed elementor-section-height-default elementor-section-height-default\" data-id=\"ee26277\" data-element_type=\"section\" data-e-type=\"section\">\n\t\t\t\t\t\t<div class=\"elementor-container elementor-column-gap-default\">\n\t\t\t\t\t<div class=\"elementor-column elementor-col-100 elementor-top-column elementor-element elementor-element-8799212\" data-id=\"8799212\" data-element_type=\"column\" data-e-type=\"column\">\n\t\t\t<div class=\"elementor-widget-wrap\">\n\t\t\t\t\t\t\t<\/div>\n\t\t<\/div>\n\t\t\t\t\t<\/div>\n\t\t<\/section>\n\t\t\t\t<\/div>\n\t\t","protected":false},"excerpt":{"rendered":"<p>Historique du club Macadam 07 Le 3 octobre 1989, l&rsquo;OCG (Olympic Club Grangeois) association r\u00e9gie par la loi 1901, dont les activit\u00e9s sont la gymnastique et la marche, cr\u00e9e sous l&rsquo;impulsion d&rsquo;un coureur passionn\u00e9, Jean-Pierre Galvez, une section de courses hors stades d\u00e9nomm\u00e9e OCG-Macadam. Cette section fonctionnera au sein de l&rsquo;OCG jusqu&rsquo;au 1er novembre 1992, [&hellip;]<\/p>\n","protected":false},"author":1,"featured_media":0,"parent":0,"menu_order":0,"comment_status":"closed","ping_status":"closed","template":"","meta":{"footnotes":""},"class_list":["post-429","page","type-page","status-publish","hentry","entry"],"_links":{"self":[{"href":"https:\/\/macadam07.fr\/index.php\/wp-json\/wp\/v2\/pages\/429","targetHints":{"allow":["GET"]}}],"collection":[{"href":"https:\/\/macadam07.fr\/index.php\/wp-json\/wp\/v2\/pages"}],"about":[{"href":"https:\/\/macadam07.fr\/index.php\/wp-json\/wp\/v2\/types\/page"}],"author":[{"embeddable":true,"href":"https:\/\/macadam07.fr\/index.php\/wp-json\/wp\/v2\/users\/1"}],"replies":[{"embeddable":true,"href":"https:\/\/macadam07.fr\/index.php\/wp-json\/wp\/v2\/comments?post=429"}],"version-history":[{"count":22,"href":"https:\/\/macadam07.fr\/index.php\/wp-json\/wp\/v2\/pages\/429\/revisions"}],"predecessor-version":[{"id":2095,"href":"https:\/\/macadam07.fr\/index.php\/wp-json\/wp\/v2\/pages\/429\/revisions\/2095"}],"wp:attachment":[{"href":"https:\/\/macadam07.fr\/index.php\/wp-json\/wp\/v2\/media?parent=429"}],"curies":[{"name":"wp","href":"https:\/\/api.w.org\/{rel}","templated":true}]}}